{"id":407,"date":"2026-02-12T18:48:25","date_gmt":"2026-02-12T17:48:25","guid":{"rendered":"https:\/\/talent.eastcrema.com\/?page_id=407"},"modified":"2026-02-12T18:48:25","modified_gmt":"2026-02-12T17:48:25","slug":"politica-de-privacidad","status":"publish","type":"page","link":"https:\/\/talent.eastcrema.com\/index.php\/politica-de-privacidad\/","title":{"rendered":"Pol\u00edtica de privacidad"},"content":{"rendered":"\t\t<div data-elementor-type=\"wp-page\" data-elementor-id=\"407\" class=\"elementor elementor-407\" data-elementor-post-type=\"page\">\n\t\t\t\t<div class=\"elementor-element elementor-element-72425d4 e-flex e-con-boxed e-con e-parent\" data-id=\"72425d4\" data-element_type=\"container\" data-e-type=\"container\">\n\t\t\t\t\t<div class=\"e-con-inner\">\n\t\t<div class=\"elementor-element elementor-element-b9b1988 e-con-full e-flex e-con e-child\" data-id=\"b9b1988\" data-element_type=\"container\" data-e-type=\"container\">\n\t\t\t\t<div class=\"elementor-element elementor-element-d8f7375 elementor-widget elementor-widget-heading\" data-id=\"d8f7375\" data-element_type=\"widget\" data-e-type=\"widget\" data-widget_type=\"heading.default\">\n\t\t\t\t<div class=\"elementor-widget-container\">\n\t\t\t\t\t<h2 class=\"elementor-heading-title elementor-size-default\">Pol\u00edtica de Privacidad<\/h2>\t\t\t\t<\/div>\n\t\t\t\t<\/div>\n\t\t\t\t<\/div>\n\t\t<div class=\"elementor-element elementor-element-d8e1c49 e-con-full e-flex e-con e-child\" data-id=\"d8e1c49\" data-element_type=\"container\" data-e-type=\"container\">\n\t\t\t\t<\/div>\n\t\t<div class=\"elementor-element elementor-element-24b8c9f e-con-full e-flex e-con e-child\" data-id=\"24b8c9f\" data-element_type=\"container\" data-e-type=\"container\">\n\t\t\t\t<div class=\"elementor-element elementor-element-4fa94d2 elementor-widget elementor-widget-text-editor\" data-id=\"4fa94d2\" data-element_type=\"widget\" data-e-type=\"widget\" data-widget_type=\"text-editor.default\">\n\t\t\t\t<div class=\"elementor-widget-container\">\n\t\t\t\t\t\t\t\t\t<h3 class=\"wp-block-heading\"><strong style=\"font-size: 16px; letter-spacing: -0.8px;\">\u00bfQui\u00e9n es el responsable del tratamiento de sus datos?<\/strong><\/h3><p>Raz\u00f3n social: East Crema Coffee, S.L.<br \/>CIF\u00a0B88641238<br \/>Direcci\u00f3n postal: C\/ Conde de Pe\u00f1alver, 20. 28006 Madrid &#8211; Espa\u00f1a.<br \/>Correo Electr\u00f3nico: hola@eastcrema.com<\/p><p><strong>\u00bfCon qu\u00e9 finalidad tratamos sus datos personales?<br \/><\/strong>Los datos personales del interesado ser\u00e1n tratados con las siguientes finalidades seg\u00fan resulten de aplicaci\u00f3n:<\/p><ul><li>Gestionar y desarrollar su registro en la web, para ponernos en contacto con usted y resolver todas las dudas o consultas formuladas acerca de nuestros productos, as\u00ed como poder realizar los pedidos que resulten de su inter\u00e9s.<\/li><li>Gestionar y desarrollar su compra online. Usamos su informaci\u00f3n personal para procesar y entregar su pedido.<\/li><li>Gestionar posibles devoluciones o reclamaciones una vez haya realizado su compra.<\/li><li>Gesti\u00f3n administrativa derivada de la venta de nuestros productos, entre la que se encuentra la emisi\u00f3n de facturas resultantes, as\u00ed como llevar a cabo las comunicaciones necesarias para confirmar la recepci\u00f3n del pedido, su preparaci\u00f3n y entrega. Dichas comunicaciones podr\u00e1n efectuarse a trav\u00e9s de correo electr\u00f3nico, Mensajer\u00eda Instant\u00e1nea (Sms, WhatsApp) y\/o tel\u00e9fono.<\/li><li>Gestionar y enviar informaci\u00f3n comercial acerca de nuestros productos (novedades, ofertas y dem\u00e1s comunicaciones publicitarias), a trav\u00e9s de correo electr\u00f3nico, Mensajer\u00eda Instant\u00e1nea (Sms, WhatsApp) y\/o tel\u00e9fono.<\/li><li>Gestionar y llevar un seguimiento de nuestras Redes Sociales, con la finalidad de publicitar nuestra empresa.<\/li><\/ul><p>East Crema Coffee cuenta con perfil en algunas de las principales redes sociales de Internet (Facebook, Instagram, Twitter, etc). Los datos de los usuarios ser\u00e1n tratados \u00fanicamente con la finalidad de administrar correctamente su presencia en la red social, dando publicidad sobre los productos comercializados.<\/p><p>El tratamiento de datos de los Usuarios seguidores de nuestras redes sociales se regir\u00e1 por este apartado, as\u00ed como, por aquellas condiciones de uso, pol\u00edticas de privacidad y normativas de acceso que pertenezcan a la red social que proceda en cada caso y que ha sido previamente aceptada por el Usuario.<\/p><ul><li>Realizaci\u00f3n y publicaci\u00f3n de fotograf\u00edas en nuestras redes sociales (Facebook, Instagram, Twitter, etc.), con la finalidad de potenciar la imagen de la empresa y publicitar los productos comercializados.<\/li><li>Responder al ejercicio de derechos, consultas y reclamaciones.<\/li><\/ul><p><strong>Por cu\u00e1nto tiempo se conservar\u00e1n sus datos<br \/><\/strong>Sus datos personales ser\u00e1n conservados mientras se mantenga alg\u00fan tipo de relaci\u00f3n contractual o de negocio entre usted y\u00a0East Crema Coffee y no solicite su supresi\u00f3n. Cuando no sean necesarios, se mantendr\u00e1n por el per\u00edodo de prescripci\u00f3n de las acciones nacidas del tratamiento, a partir de la \u00faltima confirmaci\u00f3n de inter\u00e9s o \u00faltima transacci\u00f3n\/comunicaci\u00f3n (6 a\u00f1os, a efectos mercantiles, art\u00edculo 30 del C\u00f3digo de Comercio: documentaci\u00f3n, justificantes, facturas, etc.; 1 a\u00f1o, Ley 34\/2002 de Servicios de la Sociedad de la Informaci\u00f3n y de Comercio Electr\u00f3nico (LSSICE): datos de tr\u00e1fico relativos a correos electr\u00f3nicos y datos aportados a trav\u00e9s de la web; 1 a\u00f1o, Art\u00edculo 5 Ley 25\/2007 de conservaci\u00f3n de datos relativos a las comunicaciones electr\u00f3nicas y a las redes p\u00fablicas de comunicaciones: datos relativos a llamadas enviadas o recibidas de telefon\u00eda fija y m\u00f3vil; otros plazos de conservaci\u00f3n dispuestos en normativa vigente de aplicaci\u00f3n).<\/p><p>Durante dicho per\u00edodo de prescripci\u00f3n de las acciones nacidas del tratamiento, mantendremos la informaci\u00f3n debidamente bloqueada, sin darle ning\u00fan uso, excepto para la puesta a disposici\u00f3n de los datos a los jueces y tribunales, el Ministerio Fiscal o las Administraciones P\u00fablicas competentes, en particular de las autoridades de protecci\u00f3n de datos, para la exigencia de posibles responsabilidades derivadas del tratamiento.<\/p><p>Transcurridos dichos plazos, los datos personales se suprimir\u00e1n con medidas de seguridad adecuadas para garantizar la destrucci\u00f3n total de los mismos.<\/p><p>Los datos aportados para el env\u00edo de comunicaciones comerciales ser\u00e1n conservados hasta que el interesado revoque su consentimiento previo otorgado.<\/p><p>Las fotograf\u00edas realizadas y su difusi\u00f3n en Redes Sociales, ser\u00e1n conservadas mientras el interesado no revoque su consentimiento previo y no solicite su supresi\u00f3n.<\/p><p><strong>\u00bfCu\u00e1l es la legitimaci\u00f3n para el tratamiento de sus datos?<br \/><\/strong>La base legal para el tratamiento de sus datos es:<\/p><p><strong>Cumplimiento de una obligaci\u00f3n legal:<\/strong>\u00a0la gesti\u00f3n de cobros\u00a0y la emisi\u00f3n de recibos o facturas de venta de nuestros productos se basa en el cumplimiento de una obligaci\u00f3n legal, as\u00ed como dar respuesta al ejercicio de derechos efectuado por el interesado.<\/p><p><strong>Ejecuci\u00f3n de un contrato:<\/strong>\u00a0La base legal del tratamiento de los datos personales del interesado, que se recogen a trav\u00e9s del sitio web con la finalidad de gestionar, procesar y entregar su compra online, es la ejecuci\u00f3n de un contrato de compraventa. En este sentido, el interesado est\u00e1 obligado a facilitar los datos que sean necesarios para su ejecuci\u00f3n. En caso de no facilitar dichos datos no ser\u00e1 posible ejecutar su compra.<\/p><ul><li>La gesti\u00f3n, administraci\u00f3n y entrega de productos solicitados por el interesado, as\u00ed como las posibles devoluciones o reclamaciones solicitadas, est\u00e1n basadas en la ejecuci\u00f3n del contrato de compraventa suscrito entre el interesado-responsable. Adem\u00e1s, en \u00e9sta base legal tambi\u00e9n se incluyen todas las comunicaciones necesarias entre el interesado y East Crema Coffee. Dichas comunicaciones podr\u00e1n efectuarse a trav\u00e9s de tel\u00e9fono, Mensajer\u00eda Instant\u00e1nea (WhastApp y\/o Sms) y\/o Correo electr\u00f3nico.<\/li><\/ul><p>Todos los tratamientos derivados de la venta de nuestros productos tienen de base legal la ejecuci\u00f3n de un contrato de compraventa.<\/p><p><strong>Consentimiento del interesado<\/strong>: En relaci\u00f3n con las siguientes finalidades, la base legal del tratamiento de los datos personales del interesado ser\u00e1 por consentimiento del mismo:<\/p><ul><li>Dar respuesta a reclamaciones interpuestas por parte del interesado.<\/li><li>La resoluci\u00f3n de dudas y consultas formuladas a trav\u00e9s de nuestra p\u00e1gina web y otros medios electr\u00f3nicos.<\/li><li>Env\u00edo de comunicaciones publicitarias por parte de East Crema Coffee.<\/li><li>Publicaci\u00f3n de fotograf\u00edas en redes sociales de la empresa.<\/li><li>Acceso a nuestras redes sociales para informarte sobre los productos comercializados.<\/li><\/ul><p>La retirada del consentimiento previo para llevar a cabo la finalidades descritas, no condicionar\u00e1 la relaci\u00f3n contractual entre el interesado y East Crema Coffee. Dicha retirada del consentimiento podr\u00e1 comunicarla a trav\u00e9s del correo electr\u00f3nico hola@eastcrema.com.<\/p><p><strong>Inter\u00e9s Leg\u00edtimo<\/strong>: Podremos utilizar los datos personales aportados por el interesado para reclamar y\/o emprender las acciones legales necesarias para defender nuestros derechos e intereses leg\u00edtimos.<\/p><p><strong>\u00bfA qu\u00e9 destinatarios se comunicar\u00e1n sus datos?<em><br \/><\/em><\/strong>Los datos personales del interesado podr\u00e1n ser comunicados de forma leg\u00edtima y cuando sea necesario a los siguientes destinatarios. Dichas comunicaciones ser\u00e1n necesarias para la venta de nuestros productos, solicitados por petici\u00f3n suya.<\/p><ul><li>Empresas encargadas del tratamiento de datos que prestan servicios a East Crema Coffee: Entidades prestadores de Servicios IT, Proveedor servicio de Hosting, Asesor\u00edas, etc.<\/li><li>Administraciones p\u00fablicas y organismos p\u00fablicos (Hacienda, etc) y\/o cuerpos y fuerzas de seguridad, cuando as\u00ed lo exija alguna norma o fuese necesario para la protecci\u00f3n legal de nuestros intereses leg\u00edtimos a efectos del cumplimiento de la ley.<\/li><li>Correos, en el caso de env\u00edos postales.<\/li><li>Entidades prestadoras de servicios de mensajer\u00edas y transporte.<\/li><li>Bancos, para gestionar los cobros de la venta realizada.<\/li><li>Cualquier transacci\u00f3n realizada a trav\u00e9s del sitio WEB se llevar\u00e1 a cabo a trav\u00e9s de sistemas de pago seguro. Los datos confidenciales de pago son transmitidos directamente y de forma encriptada (SSL) a la entidad bancaria correspondiente.<\/li><\/ul><p><strong>Transferencias Internacionales de Datos<\/strong><\/p><ul><li>Transferencias Internacionales de Datos, siempre que existan comunicaciones a trav\u00e9s de Whatsapp:<\/li><\/ul><p>Whatsapp: amparado en el acuerdo EU-US Privacy Shield (acuerdo llamado \u201cescudo protector de privacidad\u201d al que se suscriben empresas de EEUU). Informaci\u00f3n disponible en: https:\/\/www.privacyshield.gov\/list<\/p><p>Para comunicarnos a trav\u00e9s de WhatsApp, facilitaremos tu n\u00famero de tel\u00e9fono a WhatsApp Inc. para comprobar que eres usuario de este servicio. Te recomendamos que revises tu \u00a0 configuraci\u00f3n de privacidad y leas la pol\u00edtica de privacidad de WhatsApp para obtener informaci\u00f3n m\u00e1s detallada sobre el uso que hace WhatsApp de los datos personales de los usuarios que utilizan sus servicios.<\/p><ul><li>Transferencias Internacionales de Datos, en el caso de que existan publicaciones de datos personales (fotograf\u00edas) en Redes Sociales:<\/li><\/ul><p>Twiter con sede en Irlanda (no existe Transferencias Internacionales de Datos)<br \/>Instagram empresa de Facebook Inc<br \/>Facebook: amparado en el acuerdo EU-US Privacy Shield (acuerdo llamado \u201cescudo protector de privacidad\u201d al que se suscriben empresas de EEUU). Informaci\u00f3n disponible en: https:\/\/www.privacyshield.gov\/list<\/p><p>Si decides seguirnos en nuestras RRSS, te recomendamos que revises tu configuraci\u00f3n de privacidad y leas la pol\u00edtica de privacidad de las redes sociales, con la finalidad de obtener informaci\u00f3n m\u00e1s detallada sobre el uso que \u00e9stas hacen de los datos personales que aportas.<\/p><p><strong>\u00bfCu\u00e1les son sus derechos al facilitarnos sus datos?<em><br \/><\/em><\/strong>Cualquier persona tiene derecho a obtener confirmaci\u00f3n sobre si en\u00a0East Crema Coffee estamos tratando datos personales que les conciernen, o no.<\/p><p><strong>Derecho de acceso, rectificaci\u00f3n y supresi\u00f3n<\/strong>: las personas interesadas tienen derecho a acceder a sus datos personales, as\u00ed como a solicitar la rectificaci\u00f3n de los datos inexactos o, en su caso, solicitar su supresi\u00f3n cuando, entre otros motivos, los datos ya no sean necesarios para los fines que fueron recogidos.<\/p><p><strong>Derecho de limitaci\u00f3n:<\/strong>\u00a0en determinadas circunstancias, los interesados podr\u00e1n solicitar la limitaci\u00f3n del tratamiento de sus datos, en cuyo caso \u00fanicamente los conservaremos para el ejercicio o la defensa de reclamaciones.<\/p><p><strong>Derecho de Oposici\u00f3n:<\/strong>\u00a0en determinadas circunstancias y por motivos relacionados con su situaci\u00f3n particular, los interesados podr\u00e1n oponerse al tratamiento de sus datos. Por tanto East Crema Coffee dejar\u00e1 de tratar los datos, salvo por motivos leg\u00edtimos imperiosos, o el ejercicio o la defensa de posibles reclamaciones.<\/p><p>Cuando el tratamiento de datos personales tenga por objeto la mercadotecnia directa, el interesado tendr\u00e1 derecho a oponerse al tratamiento de sus datos, incluida la elaboraci\u00f3n de perfiles relacionados con la citada mercadotecnia.<\/p><p><strong>Derecho a la portabilidad de los datos:<\/strong>\u00a0el interesado podr\u00e1 solicitar la portabilidad de sus datos a otro responsable del tratamiento, en cuyo caso se har\u00e1 siempre y cuando el tratamiento est\u00e9 basado en el consentimiento l\u00edcito, el tratamiento sea automatizado y se transmitir\u00e1n de responsable a responsable cuando sea t\u00e9cnicamente posible.<\/p><p><strong>Derecho a retirar el consentimiento<\/strong>, sin que ello afecte a la licitud del tratamiento basado en el consentimiento previo a su retirada.<\/p><p><strong>Derecho a presentar una reclamaci\u00f3n<\/strong>\u00a0ante la Agencia Espa\u00f1ola de protecci\u00f3n de datos, cuando no haya obtenido satisfacci\u00f3n en el ejercicio de sus derechos u otros asuntos. Para contactar con dicha Autoridad de Control puede hacerlo a trav\u00e9s de su p\u00e1gina web www.aepd.es.<\/p><p>Para ejercer dichos derechos, el interesado tendr\u00e1 a su disposici\u00f3n una serie de modelos o formularios ubicados en www.aepd.es\/reglamento\/derechos y deber\u00e1 de dirigirlos a\u00a0East Crema Coffee hola@eastcrema.com o a la direcci\u00f3n que aparece en los datos de contacto del responsable.<\/p><p>Opcionalmente, el interesado puede dirigirse tambi\u00e9n a la\u00a0Agencia Espa\u00f1ola de protecci\u00f3n de datos\u00a0(www.aepd.es) para solicitar informaci\u00f3n sobre dichos derechos.<\/p><p>Para tramitar la solicitud de ejercicio de derechos deber\u00e1 de acreditar su identidad mediante fotocopia de su DNI.<\/p><p><strong>Otra informaci\u00f3n<u><br \/><\/u><\/strong>East Crema Coffee\u00a0guardar\u00e1 secreto profesional de toda la informaci\u00f3n que afecte a los datos, almacen\u00e1ndolos con la debida confidencialidad y utiliz\u00e1ndolos \u00fanicamente para los fines concretos para los que les fueron facilitados. Asimismo, adoptar\u00e1 las medidas t\u00e9cnicas y organizativas apropiadas contra el acceso no autorizado o el procesamiento ilegal de datos personales, as\u00ed como contra la p\u00e9rdida o destrucci\u00f3n accidental de los mismos. La informaci\u00f3n es confidencial, privilegiada y tratada s\u00f3lo por las personas que, como usuarios autorizados, tienen acceso a los datos personales, quedando totalmente prohibida cualquier divulgaci\u00f3n, distribuci\u00f3n o reproducci\u00f3n de la informaci\u00f3n tratada.<\/p>\t\t\t\t\t\t\t\t<\/div>\n\t\t\t\t<\/div>\n\t\t\t\t<\/div>\n\t\t\t\t\t<\/div>\n\t\t\t\t<\/div>\n\t\t\t\t<\/div>\n\t\t","protected":false},"excerpt":{"rendered":"<p>Pol\u00edtica de Privacidad \u00bfQui\u00e9n es el responsable del tratamiento de sus datos? Raz\u00f3n social: East Crema Coffee, S.L.CIF\u00a0B88641238Direcci\u00f3n postal: C\/ Conde de Pe\u00f1alver, 20. 28006 Madrid &#8211; Espa\u00f1a.Correo Electr\u00f3nico: hola@eastcrema.com \u00bfCon qu\u00e9 finalidad tratamos sus datos personales?Los datos personales del interesado ser\u00e1n tratados con las siguientes finalidades seg\u00fan resulten de aplicaci\u00f3n: Gestionar y desarrollar su [&hellip;]<\/p>\n","protected":false},"author":1,"featured_media":0,"parent":0,"menu_order":0,"comment_status":"closed","ping_status":"closed","template":"elementor_header_footer","meta":{"footnotes":""},"class_list":["post-407","page","type-page","status-publish","hentry"],"yoast_head":"<!-- This site is optimized with the Yoast SEO plugin v25.2 - https:\/\/yoast.com\/wordpress\/plugins\/seo\/ -->\n<title>Pol\u00edtica de privacidad - Talent East Crema Coffee<\/title>\n<meta name=\"robots\" content=\"index, follow, max-snippet:-1, max-image-preview:large, max-video-preview:-1\" \/>\n<link rel=\"canonical\" href=\"https:\/\/talent.eastcrema.com\/index.php\/politica-de-privacidad\/\" \/>\n<meta property=\"og:locale\" content=\"es_ES\" \/>\n<meta property=\"og:type\" content=\"article\" \/>\n<meta property=\"og:title\" content=\"Pol\u00edtica de privacidad - Talent East Crema Coffee\" \/>\n<meta property=\"og:description\" content=\"Pol\u00edtica de Privacidad \u00bfQui\u00e9n es el responsable del tratamiento de sus datos? Raz\u00f3n social: East Crema Coffee, S.L.CIF\u00a0B88641238Direcci\u00f3n postal: C\/ Conde de Pe\u00f1alver, 20. 28006 Madrid &#8211; Espa\u00f1a.Correo Electr\u00f3nico: hola@eastcrema.com \u00bfCon qu\u00e9 finalidad tratamos sus datos personales?Los datos personales del interesado ser\u00e1n tratados con las siguientes finalidades seg\u00fan resulten de aplicaci\u00f3n: Gestionar y desarrollar su [&hellip;]\" \/>\n<meta property=\"og:url\" content=\"https:\/\/talent.eastcrema.com\/index.php\/politica-de-privacidad\/\" \/>\n<meta property=\"og:site_name\" content=\"Talent East Crema Coffee\" \/>\n<meta name=\"twitter:card\" content=\"summary_large_image\" \/>\n<meta name=\"twitter:label1\" content=\"Tiempo de lectura\" \/>\n\t<meta name=\"twitter:data1\" content=\"9 minutos\" \/>\n<script type=\"application\/ld+json\" class=\"yoast-schema-graph\">{\"@context\":\"https:\/\/schema.org\",\"@graph\":[{\"@type\":\"WebPage\",\"@id\":\"https:\/\/talent.eastcrema.com\/index.php\/politica-de-privacidad\/\",\"url\":\"https:\/\/talent.eastcrema.com\/index.php\/politica-de-privacidad\/\",\"name\":\"Pol\u00edtica de privacidad - Talent East Crema Coffee\",\"isPartOf\":{\"@id\":\"https:\/\/talent.eastcrema.com\/#website\"},\"datePublished\":\"2026-02-12T17:48:25+00:00\",\"breadcrumb\":{\"@id\":\"https:\/\/talent.eastcrema.com\/index.php\/politica-de-privacidad\/#breadcrumb\"},\"inLanguage\":\"es\",\"potentialAction\":[{\"@type\":\"ReadAction\",\"target\":[\"https:\/\/talent.eastcrema.com\/index.php\/politica-de-privacidad\/\"]}]},{\"@type\":\"BreadcrumbList\",\"@id\":\"https:\/\/talent.eastcrema.com\/index.php\/politica-de-privacidad\/#breadcrumb\",\"itemListElement\":[{\"@type\":\"ListItem\",\"position\":1,\"name\":\"Portada\",\"item\":\"https:\/\/talent.eastcrema.com\/\"},{\"@type\":\"ListItem\",\"position\":2,\"name\":\"Pol\u00edtica de privacidad\"}]},{\"@type\":\"WebSite\",\"@id\":\"https:\/\/talent.eastcrema.com\/#website\",\"url\":\"https:\/\/talent.eastcrema.com\/\",\"name\":\"Talent East Crema Coffee\",\"description\":\"La web de empleo de East Crema Coffee\",\"publisher\":{\"@id\":\"https:\/\/talent.eastcrema.com\/#organization\"},\"potentialAction\":[{\"@type\":\"SearchAction\",\"target\":{\"@type\":\"EntryPoint\",\"urlTemplate\":\"https:\/\/talent.eastcrema.com\/?s={search_term_string}\"},\"query-input\":{\"@type\":\"PropertyValueSpecification\",\"valueRequired\":true,\"valueName\":\"search_term_string\"}}],\"inLanguage\":\"es\"},{\"@type\":\"Organization\",\"@id\":\"https:\/\/talent.eastcrema.com\/#organization\",\"name\":\"Talent East Crema Coffee\",\"url\":\"https:\/\/talent.eastcrema.com\/\",\"logo\":{\"@type\":\"ImageObject\",\"inLanguage\":\"es\",\"@id\":\"https:\/\/talent.eastcrema.com\/#\/schema\/logo\/image\/\",\"url\":\"https:\/\/talent.eastcrema.com\/wp-content\/uploads\/2025\/06\/Logo-East-Crema-Coffee-Horizontal-Color.png\",\"contentUrl\":\"https:\/\/talent.eastcrema.com\/wp-content\/uploads\/2025\/06\/Logo-East-Crema-Coffee-Horizontal-Color.png\",\"width\":1000,\"height\":120,\"caption\":\"Talent East Crema Coffee\"},\"image\":{\"@id\":\"https:\/\/talent.eastcrema.com\/#\/schema\/logo\/image\/\"}}]}<\/script>\n<!-- \/ Yoast SEO plugin. -->","yoast_head_json":{"title":"Pol\u00edtica de privacidad - Talent East Crema Coffee","robots":{"index":"index","follow":"follow","max-snippet":"max-snippet:-1","max-image-preview":"max-image-preview:large","max-video-preview":"max-video-preview:-1"},"canonical":"https:\/\/talent.eastcrema.com\/index.php\/politica-de-privacidad\/","og_locale":"es_ES","og_type":"article","og_title":"Pol\u00edtica de privacidad - Talent East Crema Coffee","og_description":"Pol\u00edtica de Privacidad \u00bfQui\u00e9n es el responsable del tratamiento de sus datos? Raz\u00f3n social: East Crema Coffee, S.L.CIF\u00a0B88641238Direcci\u00f3n postal: C\/ Conde de Pe\u00f1alver, 20. 28006 Madrid &#8211; Espa\u00f1a.Correo Electr\u00f3nico: hola@eastcrema.com \u00bfCon qu\u00e9 finalidad tratamos sus datos personales?Los datos personales del interesado ser\u00e1n tratados con las siguientes finalidades seg\u00fan resulten de aplicaci\u00f3n: Gestionar y desarrollar su [&hellip;]","og_url":"https:\/\/talent.eastcrema.com\/index.php\/politica-de-privacidad\/","og_site_name":"Talent East Crema Coffee","twitter_card":"summary_large_image","twitter_misc":{"Tiempo de lectura":"9 minutos"},"schema":{"@context":"https:\/\/schema.org","@graph":[{"@type":"WebPage","@id":"https:\/\/talent.eastcrema.com\/index.php\/politica-de-privacidad\/","url":"https:\/\/talent.eastcrema.com\/index.php\/politica-de-privacidad\/","name":"Pol\u00edtica de privacidad - Talent East Crema Coffee","isPartOf":{"@id":"https:\/\/talent.eastcrema.com\/#website"},"datePublished":"2026-02-12T17:48:25+00:00","breadcrumb":{"@id":"https:\/\/talent.eastcrema.com\/index.php\/politica-de-privacidad\/#breadcrumb"},"inLanguage":"es","potentialAction":[{"@type":"ReadAction","target":["https:\/\/talent.eastcrema.com\/index.php\/politica-de-privacidad\/"]}]},{"@type":"BreadcrumbList","@id":"https:\/\/talent.eastcrema.com\/index.php\/politica-de-privacidad\/#breadcrumb","itemListElement":[{"@type":"ListItem","position":1,"name":"Portada","item":"https:\/\/talent.eastcrema.com\/"},{"@type":"ListItem","position":2,"name":"Pol\u00edtica de privacidad"}]},{"@type":"WebSite","@id":"https:\/\/talent.eastcrema.com\/#website","url":"https:\/\/talent.eastcrema.com\/","name":"Talent East Crema Coffee","description":"La web de empleo de East Crema Coffee","publisher":{"@id":"https:\/\/talent.eastcrema.com\/#organization"},"potentialAction":[{"@type":"SearchAction","target":{"@type":"EntryPoint","urlTemplate":"https:\/\/talent.eastcrema.com\/?s={search_term_string}"},"query-input":{"@type":"PropertyValueSpecification","valueRequired":true,"valueName":"search_term_string"}}],"inLanguage":"es"},{"@type":"Organization","@id":"https:\/\/talent.eastcrema.com\/#organization","name":"Talent East Crema Coffee","url":"https:\/\/talent.eastcrema.com\/","logo":{"@type":"ImageObject","inLanguage":"es","@id":"https:\/\/talent.eastcrema.com\/#\/schema\/logo\/image\/","url":"https:\/\/talent.eastcrema.com\/wp-content\/uploads\/2025\/06\/Logo-East-Crema-Coffee-Horizontal-Color.png","contentUrl":"https:\/\/talent.eastcrema.com\/wp-content\/uploads\/2025\/06\/Logo-East-Crema-Coffee-Horizontal-Color.png","width":1000,"height":120,"caption":"Talent East Crema Coffee"},"image":{"@id":"https:\/\/talent.eastcrema.com\/#\/schema\/logo\/image\/"}}]}},"_links":{"self":[{"href":"https:\/\/talent.eastcrema.com\/index.php\/wp-json\/wp\/v2\/pages\/407","targetHints":{"allow":["GET"]}}],"collection":[{"href":"https:\/\/talent.eastcrema.com\/index.php\/wp-json\/wp\/v2\/pages"}],"about":[{"href":"https:\/\/talent.eastcrema.com\/index.php\/wp-json\/wp\/v2\/types\/page"}],"author":[{"embeddable":true,"href":"https:\/\/talent.eastcrema.com\/index.php\/wp-json\/wp\/v2\/users\/1"}],"replies":[{"embeddable":true,"href":"https:\/\/talent.eastcrema.com\/index.php\/wp-json\/wp\/v2\/comments?post=407"}],"version-history":[{"count":5,"href":"https:\/\/talent.eastcrema.com\/index.php\/wp-json\/wp\/v2\/pages\/407\/revisions"}],"predecessor-version":[{"id":440,"href":"https:\/\/talent.eastcrema.com\/index.php\/wp-json\/wp\/v2\/pages\/407\/revisions\/440"}],"wp:attachment":[{"href":"https:\/\/talent.eastcrema.com\/index.php\/wp-json\/wp\/v2\/media?parent=407"}],"curies":[{"name":"wp","href":"https:\/\/api.w.org\/{rel}","templated":true}]}}